{"id":17,"date":"2025-08-11T11:43:20","date_gmt":"2025-08-11T11:43:20","guid":{"rendered":"https:\/\/j247-4.pjwstk.edu.pl\/?page_id=17"},"modified":"2025-08-13T11:15:25","modified_gmt":"2025-08-13T11:15:25","slug":"%d0%ba%d0%be%d0%bd%d1%82%d0%b0%d0%ba%d1%82%d0%b8","status":"publish","type":"page","link":"https:\/\/vi-coma.com\/?page_id=17","title":{"rendered":"\u041a\u043e\u043d\u0442\u0430\u043a\u0442\u0438"},"content":{"rendered":"\n<h2 class=\"wp-block-heading\" style=\"font-size:75px\"><em>\u0412\u0430\u0448 \u043f\u0435\u0440\u0448\u0438\u0439 \u043a\u0440\u043e\u043a \u0434\u043e \u0437\u043c\u0456\u043d \u043f\u043e\u0447\u0438\u043d\u0430\u0454\u0442\u044c\u0441\u044f \u0442\u0443\u0442!<\/em><\/h2>\n\n\n\n<p class=\"has-noto-sans-gujarati-font-family has-large-font-size\">\u0412\u0430\u0448\u0430 \u0456\u0441\u0442\u043e\u0440\u0456\u044f \u0432\u0430\u0436\u043b\u0438\u0432\u0430. \u0414\u0430\u0432\u0430\u0439\u0442\u0435 \u0437\u043d\u0430\u0439\u0434\u0435\u043c\u043e \u0434\u043b\u044f \u043d\u0435\u0457 \u043d\u0430\u0439\u043a\u0440\u0430\u0449\u0435 \u043f\u0440\u043e\u0434\u043e\u0432\u0436\u0435\u043d\u043d\u044f \u2014 \u0440\u0430\u0437\u043e\u043c.<\/p>\n\n\n\n<div class=\"wp-block-media-text is-stacked-on-mobile\" style=\"grid-template-columns:43% auto\"><figure class=\"wp-block-media-text__media\"><a href=\"https:\/\/vi-coma.com\/wp-content\/uploads\/2025\/08\/photo_2025-08-12_16-05-53-4.jpg\"><img loading=\"lazy\" decoding=\"async\" width=\"750\" height=\"562\" src=\"https:\/\/vi-coma.com\/wp-content\/uploads\/2025\/08\/photo_2025-08-12_16-05-53-4.jpg\" alt=\"\" class=\"wp-image-243 size-full\" srcset=\"https:\/\/vi-coma.com\/wp-content\/uploads\/2025\/08\/photo_2025-08-12_16-05-53-4.jpg 750w, https:\/\/vi-coma.com\/wp-content\/uploads\/2025\/08\/photo_2025-08-12_16-05-53-4-300x225.jpg 300w\" sizes=\"auto, (max-width: 750px) 100vw, 750px\" \/><\/a><\/figure><div class=\"wp-block-media-text__content\">\n<p class=\"has-noto-sans-gujarati-font-family has-large-font-size\">\u201c\u041d\u0430\u043f\u0438\u0441\u0430\u0442\u0438 \u043f\u0441\u0438\u0445\u043e\u043b\u043e\u0433\u0443 \u2014 \u0446\u0435 \u0441\u043c\u0456\u043b\u0438\u0432\u0438\u0439 \u0456 \u0432\u0430\u0436\u043b\u0438\u0432\u0438\u0439 \u043a\u0440\u043e\u043a. \u042f \u0442\u0443\u0442, \u0449\u043e\u0431 \u0432\u0438\u0441\u043b\u0443\u0445\u0430\u0442\u0438, \u0437\u0440\u043e\u0437\u0443\u043c\u0456\u0442\u0438 \u0456 \u043f\u0456\u0434\u0442\u0440\u0438\u043c\u0430\u0442\u0438. \u0412\u0438 \u043c\u043e\u0436\u0435\u0442\u0435 \u043e\u0431\u0440\u0430\u0442\u0438 \u0437\u0440\u0443\u0447\u043d\u0438\u0439 \u0434\u043b\u044f \u0432\u0430\u0441 \u0441\u043f\u043e\u0441\u0456\u0431 \u0437\u0432\u2019\u044f\u0437\u043a\u0443, \u0456 \u043c\u0438 \u0434\u043e\u043c\u043e\u0432\u0438\u043c\u043e\u0441\u044c \u043f\u0440\u043e \u0437\u0443\u0441\u0442\u0440\u0456\u0447 \u0443 \u0444\u043e\u0440\u043c\u0430\u0442\u0456, \u044f\u043a\u0438\u0439 \u0432\u0430\u043c \u043a\u043e\u043c\u0444\u043e\u0440\u0442\u043d\u0438\u0439 \u2014 \u043e\u043d\u043b\u0430\u0439\u043d \u0430\u0431\u043e \u043e\u0444\u043b\u0430\u0439\u043d.\u201d<\/p>\n<\/div><\/div>\n\n\n\n<div class=\"wp-block-columns is-layout-flex wp-container-core-columns-is-layout-9d6595d7 wp-block-columns-is-layout-flex\">\n<div class=\"wp-block-column is-layout-flow wp-block-column-is-layout-flow\"><style id=\"wpforms-css-vars-90-block-184cf1dc-6acb-4669-baca-b1a96051a0c1\">\n\t\t\t\t#wpforms-90.wpforms-block-184cf1dc-6acb-4669-baca-b1a96051a0c1 {\n\t\t\t\t--wpforms-field-size-input-height: 43px;\n--wpforms-field-size-input-spacing: 15px;\n--wpforms-field-size-font-size: 16px;\n--wpforms-field-size-line-height: 19px;\n--wpforms-field-size-padding-h: 14px;\n--wpforms-field-size-checkbox-size: 16px;\n--wpforms-field-size-sublabel-spacing: 5px;\n--wpforms-field-size-icon-size: 1;\n--wpforms-label-size-font-size: 16px;\n--wpforms-label-size-line-height: 19px;\n--wpforms-label-size-sublabel-font-size: 14px;\n--wpforms-label-size-sublabel-line-height: 17px;\n--wpforms-button-size-font-size: 17px;\n--wpforms-button-size-height: 41px;\n--wpforms-button-size-padding-h: 15px;\n--wpforms-button-size-margin-top: 10px;\n\n\t\t\t}\n\t\t\t<\/style><div class=\"wpforms-container wpforms-container-full wpforms-block wpforms-block-184cf1dc-6acb-4669-baca-b1a96051a0c1 wpforms-render-modern\" id=\"wpforms-90\"><form id=\"wpforms-form-90\" class=\"wpforms-validate wpforms-form wpforms-ajax-form\" data-formid=\"90\" method=\"post\" enctype=\"multipart\/form-data\" action=\"\/index.php?rest_route=%2Fwp%2Fv2%2Fpages%2F17\" data-token=\"2ee9e70e97c693338d416e97e32e2b60\" data-token-time=\"1776416157\"><noscript class=\"wpforms-error-noscript\">Aby wype\u0142ni\u0107 ten formularz, w\u0142\u0105cz obs\u0142ug\u0119 JavaScript w przegl\u0105darce.<\/noscript><div id=\"wpforms-error-noscript\" style=\"display: none;\">Aby wype\u0142ni\u0107 ten formularz, w\u0142\u0105cz obs\u0142ug\u0119 JavaScript w przegl\u0105darce.<\/div><div class=\"wpforms-field-container\">\t\t<div id=\"wpforms-90-field_4-container\"\n\t\t\tclass=\"wpforms-field wpforms-field-text\"\n\t\t\tdata-field-type=\"text\"\n\t\t\tdata-field-id=\"4\"\n\t\t\t>\n\t\t\t<label class=\"wpforms-field-label\" for=\"wpforms-90-field_4\" >Email \u043f\u043e\u0432\u0456\u0434\u043e\u043c\u043b\u0435\u043d\u043d\u044f \u041a\u043e\u043c\u0435\u043d\u0442\u0430\u0440<\/label>\n\t\t\t<input type=\"text\" id=\"wpforms-90-field_4\" class=\"wpforms-field-medium\" name=\"wpforms[fields][4]\" >\n\t\t<\/div>\n\t\t<div id=\"wpforms-90-field_1-container\" class=\"wpforms-field wpforms-field-name\" data-field-id=\"1\"><fieldset><legend class=\"wpforms-field-label\">\u0406\u043c\u2019\u044f <span class=\"wpforms-required-label\" aria-hidden=\"true\">*<\/span><\/legend><div class=\"wpforms-field-row wpforms-field-medium\"><div class=\"wpforms-field-row-block wpforms-first wpforms-one-half\"><input type=\"text\" id=\"wpforms-90-field_1\" class=\"wpforms-field-name-first wpforms-field-required\" name=\"wpforms[fields][1][first]\" aria-errormessage=\"wpforms-90-field_1-error\" required><label for=\"wpforms-90-field_1\" class=\"wpforms-field-sublabel after\">Pierwszy<\/label><\/div><div class=\"wpforms-field-row-block wpforms-one-half\"><input type=\"text\" id=\"wpforms-90-field_1-last\" class=\"wpforms-field-name-last wpforms-field-required\" name=\"wpforms[fields][1][last]\" aria-errormessage=\"wpforms-90-field_1-last-error\" required><label for=\"wpforms-90-field_1-last\" class=\"wpforms-field-sublabel after\">Ostatni<\/label><\/div><\/div><\/fieldset><\/div><div id=\"wpforms-90-field_2-container\" class=\"wpforms-field wpforms-field-email\" data-field-id=\"2\"><label class=\"wpforms-field-label\" for=\"wpforms-90-field_2\">Email <span class=\"wpforms-required-label\" aria-hidden=\"true\">*<\/span><\/label><input type=\"email\" id=\"wpforms-90-field_2\" class=\"wpforms-field-medium wpforms-field-required\" name=\"wpforms[fields][2]\" spellcheck=\"false\" aria-errormessage=\"wpforms-90-field_2-error\" required><\/div><div id=\"wpforms-90-field_3-container\" class=\"wpforms-field wpforms-field-textarea\" data-field-id=\"3\"><label class=\"wpforms-field-label\" for=\"wpforms-90-field_3\">\u041a\u043e\u043c\u0435\u043d\u0442\u0430\u0440 \u0430\u0431\u043e \u043f\u043e\u0432\u0456\u0434\u043e\u043c\u043b\u0435\u043d\u043d\u044f<\/label><textarea id=\"wpforms-90-field_3\" class=\"wpforms-field-medium\" name=\"wpforms[fields][3]\" aria-errormessage=\"wpforms-90-field_3-error\" ><\/textarea><\/div><script>\n\t\t\t\t( function() {\n\t\t\t\t\tconst style = document.createElement( 'style' );\n\t\t\t\t\tstyle.appendChild( document.createTextNode( '#wpforms-90-field_4-container { position: absolute !important; overflow: hidden !important; display: inline !important; height: 1px !important; width: 1px !important; z-index: -1000 !important; padding: 0 !important; } #wpforms-90-field_4-container input { visibility: hidden; } #wpforms-conversational-form-page #wpforms-90-field_4-container label { counter-increment: none; }' ) );\n\t\t\t\t\tdocument.head.appendChild( style );\n\t\t\t\t\tdocument.currentScript?.remove();\n\t\t\t\t} )();\n\t\t\t<\/script><\/div><!-- .wpforms-field-container --><div class=\"wpforms-submit-container\" ><input type=\"hidden\" name=\"wpforms[id]\" value=\"90\"><input type=\"hidden\" name=\"page_title\" value=\"\"><input type=\"hidden\" name=\"page_url\" value=\"https:\/\/vi-coma.com\/index.php?rest_route=\/wp\/v2\/pages\/17\"><input type=\"hidden\" name=\"url_referer\" value=\"\"><button type=\"submit\" name=\"wpforms[submit]\" id=\"wpforms-submit-90\" class=\"wpforms-submit\" data-alt-text=\"\u041d\u0430\u0434\u0441\u0438\u043b\u0430\u043d\u043d\u044f\u2026\" data-submit-text=\"\u041d\u0430\u0434\u0456\u0441\u043b\u0430\u0442\u0438\" aria-live=\"assertive\" value=\"wpforms-submit\">\u041d\u0430\u0434\u0456\u0441\u043b\u0430\u0442\u0438<\/button><img loading=\"lazy\" decoding=\"async\" src=\"https:\/\/vi-coma.com\/wp-content\/plugins\/wpforms-lite\/assets\/images\/submit-spin.svg\" class=\"wpforms-submit-spinner\" style=\"display: none;\" width=\"26\" height=\"26\" alt=\"Wczytywanie\"><\/div><\/form><\/div>  <!-- .wpforms-container --><\/div>\n\n\n\n<div class=\"wp-block-column has-medium-font-size is-layout-flow wp-block-column-is-layout-flow\">\n<p class=\"has-medium-font-size\" style=\"text-decoration:none\"><a href=\"tel:+48726255762\">\ud83d\udcde  +48726255762<\/a><\/p>\n\n\n\n<div class=\"wp-block-columns is-layout-flex wp-container-core-columns-is-layout-9d6595d7 wp-block-columns-is-layout-flex\">\n<div class=\"wp-block-column is-layout-flow wp-block-column-is-layout-flow\">\n<figure class=\"wp-block-gallery has-nested-images columns-default is-cropped wp-block-gallery-1 is-layout-flex wp-block-gallery-is-layout-flex\"><div class=\"wp-block-image .wp-block-image img {     box-sizing: border-box;     height: auto;     vertical-align: bottom; }\">\n<figure class=\"aligncenter size-large\" id=\".wp-block-image-img\"><a href=\"https:\/\/wa.me\/380661551028\"><img loading=\"lazy\" decoding=\"async\" width=\"512\" height=\"512\" data-id=\"262\" src=\"https:\/\/vi-coma.com\/wp-content\/uploads\/2025\/08\/free-icon-whatsapp-3536445.png\" alt=\"\" class=\"wp-image-262\" srcset=\"https:\/\/vi-coma.com\/wp-content\/uploads\/2025\/08\/free-icon-whatsapp-3536445.png 512w, https:\/\/vi-coma.com\/wp-content\/uploads\/2025\/08\/free-icon-whatsapp-3536445-300x300.png 300w, https:\/\/vi-coma.com\/wp-content\/uploads\/2025\/08\/free-icon-whatsapp-3536445-150x150.png 150w\" sizes=\"auto, (max-width: 512px) 100vw, 512px\" \/><\/a><\/figure>\n<\/div><\/figure>\n<\/div>\n\n\n\n<div class=\"wp-block-column is-layout-flow wp-block-column-is-layout-flow\">\n<figure class=\"wp-block-gallery has-nested-images columns-default is-cropped wp-block-gallery-2 is-layout-flex wp-block-gallery-is-layout-flex\"><div class=\"wp-block-image is-style-rounded\">\n<figure class=\"aligncenter size-large\"><a href=\"https:\/\/t.me\/Viktoriia_coach_pl\"><img loading=\"lazy\" decoding=\"async\" width=\"512\" height=\"512\" data-id=\"263\" src=\"https:\/\/vi-coma.com\/wp-content\/uploads\/2025\/08\/free-icon-telegram-2111646.png\" alt=\"\" class=\"wp-image-263\" srcset=\"https:\/\/vi-coma.com\/wp-content\/uploads\/2025\/08\/free-icon-telegram-2111646.png 512w, https:\/\/vi-coma.com\/wp-content\/uploads\/2025\/08\/free-icon-telegram-2111646-300x300.png 300w, https:\/\/vi-coma.com\/wp-content\/uploads\/2025\/08\/free-icon-telegram-2111646-150x150.png 150w\" sizes=\"auto, (max-width: 512px) 100vw, 512px\" \/><\/a><\/figure>\n<\/div><\/figure>\n<\/div>\n\n\n\n<div class=\"wp-block-column is-layout-flow wp-block-column-is-layout-flow\">\n<figure class=\"wp-block-gallery has-nested-images columns-default is-cropped wp-block-gallery-3 is-layout-flex wp-block-gallery-is-layout-flex\"><div class=\"wp-block-image is-style-rounded\">\n<figure class=\"aligncenter size-large\"><a href=\"https:\/\/www.facebook.com\/people\/Viktoriia-Kuzminova\/pfbid0sUzP1ntuk2Nmm887PVaXwUaejcgc4dQwvh7tUQM1h7vNdsXsydUW6y8cyQA8avpml\/?locale=ru_RU&amp;checkpoint_src=any\"><img loading=\"lazy\" decoding=\"async\" width=\"512\" height=\"512\" data-id=\"264\" src=\"https:\/\/vi-coma.com\/wp-content\/uploads\/2025\/08\/free-icon-facebook-733547.png\" alt=\"\" class=\"wp-image-264\" srcset=\"https:\/\/vi-coma.com\/wp-content\/uploads\/2025\/08\/free-icon-facebook-733547.png 512w, https:\/\/vi-coma.com\/wp-content\/uploads\/2025\/08\/free-icon-facebook-733547-300x300.png 300w, https:\/\/vi-coma.com\/wp-content\/uploads\/2025\/08\/free-icon-facebook-733547-150x150.png 150w\" sizes=\"auto, (max-width: 512px) 100vw, 512px\" \/><\/a><\/figure>\n<\/div><\/figure>\n<\/div>\n<\/div>\n\n\n\n<a href=\"mailto:viktoriiakuzminova2024@gmail.com\">\ud83d\udce9 viktoriiakuzminova2024@gmail.com<\/a>\n<\/div>\n<\/div>\n\n\n\n<p><\/p>\n","protected":false},"excerpt":{"rendered":"<p>\u0412\u0430\u0448 \u043f\u0435\u0440\u0448\u0438\u0439 \u043a\u0440\u043e\u043a \u0434\u043e \u0437\u043c\u0456\u043d \u043f\u043e\u0447\u0438\u043d\u0430\u0454\u0442\u044c\u0441\u044f \u0442\u0443\u0442! \u0412\u0430\u0448\u0430 \u0456\u0441\u0442\u043e\u0440\u0456\u044f \u0432\u0430\u0436\u043b\u0438\u0432\u0430. \u0414\u0430\u0432\u0430\u0439\u0442\u0435 \u0437\u043d\u0430\u0439\u0434\u0435\u043c\u043e \u0434\u043b\u044f \u043d\u0435\u0457 \u043d\u0430\u0439\u043a\u0440\u0430\u0449\u0435 \u043f\u0440\u043e\u0434\u043e\u0432\u0436\u0435\u043d\u043d\u044f \u2014 \u0440\u0430\u0437\u043e\u043c. \u201c\u041d\u0430\u043f\u0438\u0441\u0430\u0442\u0438 \u043f\u0441\u0438\u0445\u043e\u043b\u043e\u0433\u0443 \u2014 \u0446\u0435 \u0441\u043c\u0456\u043b\u0438\u0432\u0438\u0439 \u0456 \u0432\u0430\u0436\u043b\u0438\u0432\u0438\u0439 \u043a\u0440\u043e\u043a. \u042f \u0442\u0443\u0442, \u0449\u043e\u0431 \u0432\u0438\u0441\u043b\u0443\u0445\u0430\u0442\u0438, \u0437\u0440\u043e\u0437\u0443\u043c\u0456\u0442\u0438 \u0456 \u043f\u0456\u0434\u0442\u0440\u0438\u043c\u0430\u0442\u0438. \u0412\u0438 \u043c\u043e\u0436\u0435\u0442\u0435 \u043e\u0431\u0440\u0430\u0442\u0438 \u0437\u0440\u0443\u0447\u043d\u0438\u0439 \u0434\u043b\u044f \u0432\u0430\u0441 \u0441\u043f\u043e\u0441\u0456\u0431 \u0437\u0432\u2019\u044f\u0437\u043a\u0443, \u0456 \u043c\u0438 \u0434\u043e\u043c\u043e\u0432\u0438\u043c\u043e\u0441\u044c \u043f\u0440\u043e \u0437\u0443\u0441\u0442\u0440\u0456\u0447 \u0443 \u0444\u043e\u0440\u043c\u0430\u0442\u0456, \u044f\u043a\u0438\u0439 \u0432\u0430\u043c \u043a\u043e\u043c\u0444\u043e\u0440\u0442\u043d\u0438\u0439 \u2014 \u043e\u043d\u043b\u0430\u0439\u043d \u0430\u0431\u043e \u043e\u0444\u043b\u0430\u0439\u043d.\u201d&hellip; <br \/> <a class=\"read-more\" href=\"https:\/\/vi-coma.com\/?page_id=17\">Dowiedz si\u0119 wi\u0119cej<\/a><\/p>\n","protected":false},"author":1,"featured_media":0,"parent":0,"menu_order":0,"comment_status":"closed","ping_status":"closed","template":"","meta":{"footnotes":""},"class_list":["post-17","page","type-page","status-publish","hentry"],"yoast_head":"<!-- This site is optimized with the Yoast SEO plugin v25.7 - https:\/\/yoast.com\/wordpress\/plugins\/seo\/ -->\n<title>\u041a\u043e\u043d\u0442\u0430\u043a\u0442\u0438 - \u041f\u0441\u0438\u0445\u043e\u043b\u043e\u0433\u0456\u044f \u0416\u0438\u0442\u0442\u044f<\/title>\n<meta name=\"robots\" content=\"index, follow, max-snippet:-1, max-image-preview:large, max-video-preview:-1\" \/>\n<link rel=\"canonical\" href=\"https:\/\/vi-coma.com\/?page_id=17\" \/>\n<meta property=\"og:locale\" content=\"pl_PL\" \/>\n<meta property=\"og:type\" content=\"article\" \/>\n<meta property=\"og:title\" content=\"\u041a\u043e\u043d\u0442\u0430\u043a\u0442\u0438 - \u041f\u0441\u0438\u0445\u043e\u043b\u043e\u0433\u0456\u044f \u0416\u0438\u0442\u0442\u044f\" \/>\n<meta property=\"og:description\" content=\"\u0412\u0430\u0448 \u043f\u0435\u0440\u0448\u0438\u0439 \u043a\u0440\u043e\u043a \u0434\u043e \u0437\u043c\u0456\u043d \u043f\u043e\u0447\u0438\u043d\u0430\u0454\u0442\u044c\u0441\u044f \u0442\u0443\u0442! \u0412\u0430\u0448\u0430 \u0456\u0441\u0442\u043e\u0440\u0456\u044f \u0432\u0430\u0436\u043b\u0438\u0432\u0430. \u0414\u0430\u0432\u0430\u0439\u0442\u0435 \u0437\u043d\u0430\u0439\u0434\u0435\u043c\u043e \u0434\u043b\u044f \u043d\u0435\u0457 \u043d\u0430\u0439\u043a\u0440\u0430\u0449\u0435 \u043f\u0440\u043e\u0434\u043e\u0432\u0436\u0435\u043d\u043d\u044f \u2014 \u0440\u0430\u0437\u043e\u043c. \u201c\u041d\u0430\u043f\u0438\u0441\u0430\u0442\u0438 \u043f\u0441\u0438\u0445\u043e\u043b\u043e\u0433\u0443 \u2014 \u0446\u0435 \u0441\u043c\u0456\u043b\u0438\u0432\u0438\u0439 \u0456 \u0432\u0430\u0436\u043b\u0438\u0432\u0438\u0439 \u043a\u0440\u043e\u043a. \u042f \u0442\u0443\u0442, \u0449\u043e\u0431 \u0432\u0438\u0441\u043b\u0443\u0445\u0430\u0442\u0438, \u0437\u0440\u043e\u0437\u0443\u043c\u0456\u0442\u0438 \u0456 \u043f\u0456\u0434\u0442\u0440\u0438\u043c\u0430\u0442\u0438. \u0412\u0438 \u043c\u043e\u0436\u0435\u0442\u0435 \u043e\u0431\u0440\u0430\u0442\u0438 \u0437\u0440\u0443\u0447\u043d\u0438\u0439 \u0434\u043b\u044f \u0432\u0430\u0441 \u0441\u043f\u043e\u0441\u0456\u0431 \u0437\u0432\u2019\u044f\u0437\u043a\u0443, \u0456 \u043c\u0438 \u0434\u043e\u043c\u043e\u0432\u0438\u043c\u043e\u0441\u044c \u043f\u0440\u043e \u0437\u0443\u0441\u0442\u0440\u0456\u0447 \u0443 \u0444\u043e\u0440\u043c\u0430\u0442\u0456, \u044f\u043a\u0438\u0439 \u0432\u0430\u043c \u043a\u043e\u043c\u0444\u043e\u0440\u0442\u043d\u0438\u0439 \u2014 \u043e\u043d\u043b\u0430\u0439\u043d \u0430\u0431\u043e \u043e\u0444\u043b\u0430\u0439\u043d.\u201d&hellip; Dowiedz si\u0119 wi\u0119cej\" \/>\n<meta property=\"og:url\" content=\"https:\/\/vi-coma.com\/?page_id=17\" \/>\n<meta property=\"og:site_name\" content=\"\u041f\u0441\u0438\u0445\u043e\u043b\u043e\u0433\u0456\u044f \u0416\u0438\u0442\u0442\u044f\" \/>\n<meta property=\"article:modified_time\" content=\"2025-08-13T11:15:25+00:00\" \/>\n<meta property=\"og:image\" content=\"https:\/\/vi-coma.com\/wp-content\/uploads\/2025\/08\/photo_2025-08-12_16-05-53-4.jpg\" \/>\n\t<meta property=\"og:image:width\" content=\"750\" \/>\n\t<meta property=\"og:image:height\" content=\"562\" \/>\n\t<meta property=\"og:image:type\" content=\"image\/jpeg\" \/>\n<meta name=\"twitter:card\" content=\"summary_large_image\" \/>\n<meta name=\"twitter:label1\" content=\"Szacowany czas czytania\" \/>\n\t<meta name=\"twitter:data1\" content=\"2 minuty\" \/>\n<script type=\"application\/ld+json\" class=\"yoast-schema-graph\">{\"@context\":\"https:\/\/schema.org\",\"@graph\":[{\"@type\":\"WebPage\",\"@id\":\"https:\/\/vi-coma.com\/?page_id=17\",\"url\":\"https:\/\/vi-coma.com\/?page_id=17\",\"name\":\"\u041a\u043e\u043d\u0442\u0430\u043a\u0442\u0438 - \u041f\u0441\u0438\u0445\u043e\u043b\u043e\u0433\u0456\u044f \u0416\u0438\u0442\u0442\u044f\",\"isPartOf\":{\"@id\":\"https:\/\/vi-coma.com\/#website\"},\"primaryImageOfPage\":{\"@id\":\"https:\/\/vi-coma.com\/?page_id=17#primaryimage\"},\"image\":{\"@id\":\"https:\/\/vi-coma.com\/?page_id=17#primaryimage\"},\"thumbnailUrl\":\"https:\/\/vi-coma.com\/wp-content\/uploads\/2025\/08\/photo_2025-08-12_16-05-53-4.jpg\",\"datePublished\":\"2025-08-11T11:43:20+00:00\",\"dateModified\":\"2025-08-13T11:15:25+00:00\",\"breadcrumb\":{\"@id\":\"https:\/\/vi-coma.com\/?page_id=17#breadcrumb\"},\"inLanguage\":\"pl-PL\",\"potentialAction\":[{\"@type\":\"ReadAction\",\"target\":[\"https:\/\/vi-coma.com\/?page_id=17\"]}]},{\"@type\":\"ImageObject\",\"inLanguage\":\"pl-PL\",\"@id\":\"https:\/\/vi-coma.com\/?page_id=17#primaryimage\",\"url\":\"https:\/\/vi-coma.com\/wp-content\/uploads\/2025\/08\/photo_2025-08-12_16-05-53-4.jpg\",\"contentUrl\":\"https:\/\/vi-coma.com\/wp-content\/uploads\/2025\/08\/photo_2025-08-12_16-05-53-4.jpg\"},{\"@type\":\"BreadcrumbList\",\"@id\":\"https:\/\/vi-coma.com\/?page_id=17#breadcrumb\",\"itemListElement\":[{\"@type\":\"ListItem\",\"position\":1,\"name\":\"Strona g\u0142\u00f3wna\",\"item\":\"https:\/\/vi-coma.com\/\"},{\"@type\":\"ListItem\",\"position\":2,\"name\":\"\u041a\u043e\u043d\u0442\u0430\u043a\u0442\u0438\"}]},{\"@type\":\"WebSite\",\"@id\":\"https:\/\/vi-coma.com\/#website\",\"url\":\"https:\/\/vi-coma.com\/\",\"name\":\"\u041f\u0441\u0438\u0445\u043e\u043b\u043e\u0433\u0456\u044f \u0416\u0438\u0442\u0442\u044f\",\"description\":\"\",\"potentialAction\":[{\"@type\":\"SearchAction\",\"target\":{\"@type\":\"EntryPoint\",\"urlTemplate\":\"https:\/\/vi-coma.com\/?s={search_term_string}\"},\"query-input\":{\"@type\":\"PropertyValueSpecification\",\"valueRequired\":true,\"valueName\":\"search_term_string\"}}],\"inLanguage\":\"pl-PL\"}]}<\/script>\n<!-- \/ Yoast SEO plugin. -->","yoast_head_json":{"title":"\u041a\u043e\u043d\u0442\u0430\u043a\u0442\u0438 - \u041f\u0441\u0438\u0445\u043e\u043b\u043e\u0433\u0456\u044f \u0416\u0438\u0442\u0442\u044f","robots":{"index":"index","follow":"follow","max-snippet":"max-snippet:-1","max-image-preview":"max-image-preview:large","max-video-preview":"max-video-preview:-1"},"canonical":"https:\/\/vi-coma.com\/?page_id=17","og_locale":"pl_PL","og_type":"article","og_title":"\u041a\u043e\u043d\u0442\u0430\u043a\u0442\u0438 - \u041f\u0441\u0438\u0445\u043e\u043b\u043e\u0433\u0456\u044f \u0416\u0438\u0442\u0442\u044f","og_description":"\u0412\u0430\u0448 \u043f\u0435\u0440\u0448\u0438\u0439 \u043a\u0440\u043e\u043a \u0434\u043e \u0437\u043c\u0456\u043d \u043f\u043e\u0447\u0438\u043d\u0430\u0454\u0442\u044c\u0441\u044f \u0442\u0443\u0442! \u0412\u0430\u0448\u0430 \u0456\u0441\u0442\u043e\u0440\u0456\u044f \u0432\u0430\u0436\u043b\u0438\u0432\u0430. \u0414\u0430\u0432\u0430\u0439\u0442\u0435 \u0437\u043d\u0430\u0439\u0434\u0435\u043c\u043e \u0434\u043b\u044f \u043d\u0435\u0457 \u043d\u0430\u0439\u043a\u0440\u0430\u0449\u0435 \u043f\u0440\u043e\u0434\u043e\u0432\u0436\u0435\u043d\u043d\u044f \u2014 \u0440\u0430\u0437\u043e\u043c. \u201c\u041d\u0430\u043f\u0438\u0441\u0430\u0442\u0438 \u043f\u0441\u0438\u0445\u043e\u043b\u043e\u0433\u0443 \u2014 \u0446\u0435 \u0441\u043c\u0456\u043b\u0438\u0432\u0438\u0439 \u0456 \u0432\u0430\u0436\u043b\u0438\u0432\u0438\u0439 \u043a\u0440\u043e\u043a. \u042f \u0442\u0443\u0442, \u0449\u043e\u0431 \u0432\u0438\u0441\u043b\u0443\u0445\u0430\u0442\u0438, \u0437\u0440\u043e\u0437\u0443\u043c\u0456\u0442\u0438 \u0456 \u043f\u0456\u0434\u0442\u0440\u0438\u043c\u0430\u0442\u0438. \u0412\u0438 \u043c\u043e\u0436\u0435\u0442\u0435 \u043e\u0431\u0440\u0430\u0442\u0438 \u0437\u0440\u0443\u0447\u043d\u0438\u0439 \u0434\u043b\u044f \u0432\u0430\u0441 \u0441\u043f\u043e\u0441\u0456\u0431 \u0437\u0432\u2019\u044f\u0437\u043a\u0443, \u0456 \u043c\u0438 \u0434\u043e\u043c\u043e\u0432\u0438\u043c\u043e\u0441\u044c \u043f\u0440\u043e \u0437\u0443\u0441\u0442\u0440\u0456\u0447 \u0443 \u0444\u043e\u0440\u043c\u0430\u0442\u0456, \u044f\u043a\u0438\u0439 \u0432\u0430\u043c \u043a\u043e\u043c\u0444\u043e\u0440\u0442\u043d\u0438\u0439 \u2014 \u043e\u043d\u043b\u0430\u0439\u043d \u0430\u0431\u043e \u043e\u0444\u043b\u0430\u0439\u043d.\u201d&hellip; Dowiedz si\u0119 wi\u0119cej","og_url":"https:\/\/vi-coma.com\/?page_id=17","og_site_name":"\u041f\u0441\u0438\u0445\u043e\u043b\u043e\u0433\u0456\u044f \u0416\u0438\u0442\u0442\u044f","article_modified_time":"2025-08-13T11:15:25+00:00","og_image":[{"width":750,"height":562,"url":"https:\/\/vi-coma.com\/wp-content\/uploads\/2025\/08\/photo_2025-08-12_16-05-53-4.jpg","type":"image\/jpeg"}],"twitter_card":"summary_large_image","twitter_misc":{"Szacowany czas czytania":"2 minuty"},"schema":{"@context":"https:\/\/schema.org","@graph":[{"@type":"WebPage","@id":"https:\/\/vi-coma.com\/?page_id=17","url":"https:\/\/vi-coma.com\/?page_id=17","name":"\u041a\u043e\u043d\u0442\u0430\u043a\u0442\u0438 - \u041f\u0441\u0438\u0445\u043e\u043b\u043e\u0433\u0456\u044f \u0416\u0438\u0442\u0442\u044f","isPartOf":{"@id":"https:\/\/vi-coma.com\/#website"},"primaryImageOfPage":{"@id":"https:\/\/vi-coma.com\/?page_id=17#primaryimage"},"image":{"@id":"https:\/\/vi-coma.com\/?page_id=17#primaryimage"},"thumbnailUrl":"https:\/\/vi-coma.com\/wp-content\/uploads\/2025\/08\/photo_2025-08-12_16-05-53-4.jpg","datePublished":"2025-08-11T11:43:20+00:00","dateModified":"2025-08-13T11:15:25+00:00","breadcrumb":{"@id":"https:\/\/vi-coma.com\/?page_id=17#breadcrumb"},"inLanguage":"pl-PL","potentialAction":[{"@type":"ReadAction","target":["https:\/\/vi-coma.com\/?page_id=17"]}]},{"@type":"ImageObject","inLanguage":"pl-PL","@id":"https:\/\/vi-coma.com\/?page_id=17#primaryimage","url":"https:\/\/vi-coma.com\/wp-content\/uploads\/2025\/08\/photo_2025-08-12_16-05-53-4.jpg","contentUrl":"https:\/\/vi-coma.com\/wp-content\/uploads\/2025\/08\/photo_2025-08-12_16-05-53-4.jpg"},{"@type":"BreadcrumbList","@id":"https:\/\/vi-coma.com\/?page_id=17#breadcrumb","itemListElement":[{"@type":"ListItem","position":1,"name":"Strona g\u0142\u00f3wna","item":"https:\/\/vi-coma.com\/"},{"@type":"ListItem","position":2,"name":"\u041a\u043e\u043d\u0442\u0430\u043a\u0442\u0438"}]},{"@type":"WebSite","@id":"https:\/\/vi-coma.com\/#website","url":"https:\/\/vi-coma.com\/","name":"\u041f\u0441\u0438\u0445\u043e\u043b\u043e\u0433\u0456\u044f \u0416\u0438\u0442\u0442\u044f","description":"","potentialAction":[{"@type":"SearchAction","target":{"@type":"EntryPoint","urlTemplate":"https:\/\/vi-coma.com\/?s={search_term_string}"},"query-input":{"@type":"PropertyValueSpecification","valueRequired":true,"valueName":"search_term_string"}}],"inLanguage":"pl-PL"}]}},"_links":{"self":[{"href":"https:\/\/vi-coma.com\/index.php?rest_route=\/wp\/v2\/pages\/17","targetHints":{"allow":["GET"]}}],"collection":[{"href":"https:\/\/vi-coma.com\/index.php?rest_route=\/wp\/v2\/pages"}],"about":[{"href":"https:\/\/vi-coma.com\/index.php?rest_route=\/wp\/v2\/types\/page"}],"author":[{"embeddable":true,"href":"https:\/\/vi-coma.com\/index.php?rest_route=\/wp\/v2\/users\/1"}],"replies":[{"embeddable":true,"href":"https:\/\/vi-coma.com\/index.php?rest_route=%2Fwp%2Fv2%2Fcomments&post=17"}],"version-history":[{"count":6,"href":"https:\/\/vi-coma.com\/index.php?rest_route=\/wp\/v2\/pages\/17\/revisions"}],"predecessor-version":[{"id":286,"href":"https:\/\/vi-coma.com\/index.php?rest_route=\/wp\/v2\/pages\/17\/revisions\/286"}],"wp:attachment":[{"href":"https:\/\/vi-coma.com\/index.php?rest_route=%2Fwp%2Fv2%2Fmedia&parent=17"}],"curies":[{"name":"wp","href":"https:\/\/api.w.org\/{rel}","templated":true}]}}